{"id":8,"date":"2025-05-12T18:19:19","date_gmt":"2025-05-12T18:19:19","guid":{"rendered":"https:\/\/latorteriaslp.misitiolab.com\/?page_id=8"},"modified":"2025-10-13T16:42:02","modified_gmt":"2025-10-13T16:42:02","slug":"inicio","status":"publish","type":"page","link":"https:\/\/latorteriaslp.misitiolab.com\/","title":{"rendered":"Inicio"},"content":{"rendered":"\t\t<div data-elementor-type=\"wp-page\" data-elementor-id=\"8\" class=\"elementor elementor-8\">\n\t\t\t\t<div class=\"elementor-element elementor-element-1dc34088 e-con-full e-flex e-con e-parent\" data-id=\"1dc34088\" data-element_type=\"container\">\n\t\t\t\t<div class=\"elementor-element elementor-element-6e1689f4 elementor-widget__width-inherit elementor-widget elementor-widget-video\" data-id=\"6e1689f4\" data-element_type=\"widget\" data-settings=\"{&quot;video_type&quot;:&quot;hosted&quot;,&quot;autoplay&quot;:&quot;yes&quot;,&quot;mute&quot;:&quot;yes&quot;,&quot;loop&quot;:&quot;yes&quot;,&quot;play_on_mobile&quot;:&quot;yes&quot;}\" data-widget_type=\"video.default\">\n\t\t\t\t<div class=\"elementor-widget-container\">\n\t\t\t\t\t\t\t<div class=\"e-hosted-video elementor-wrapper elementor-open-inline\">\n\t\t\t\t\t<video class=\"elementor-video\" src=\"https:\/\/latorteriaslp.misitiolab.com\/wp-content\/uploads\/2025\/05\/Amarillo-y-Negro-Hacer-Pizza-Receta-Video-de-169-39.mp4\" autoplay=\"\" loop=\"\" muted=\"muted\" playsinline=\"\" controlsList=\"nodownload\"><\/video>\n\t\t\t\t<\/div>\n\t\t\t\t\t\t<\/div>\n\t\t\t\t<\/div>\n\t\t<div class=\"elementor-element elementor-element-5c7e41a2 e-con-full e-flex e-con e-child\" data-id=\"5c7e41a2\" data-element_type=\"container\">\n\t\t\t\t<div class=\"elementor-element elementor-element-48f529c7 elementor-widget__width-inherit elementor-widget elementor-widget-image\" data-id=\"48f529c7\" data-element_type=\"widget\" data-widget_type=\"image.default\">\n\t\t\t\t<div class=\"elementor-widget-container\">\n\t\t\t\t\t\t\t\t\t\t\t\t\t\t\t<img fetchpriority=\"high\" decoding=\"async\" width=\"1414\" height=\"2000\" src=\"https:\/\/latorteriaslp.misitiolab.com\/wp-content\/uploads\/2025\/10\/tortas-slp-1-1.png\" class=\"attachment-2048x2048 size-2048x2048 wp-image-126\" alt=\"\" srcset=\"https:\/\/latorteriaslp.misitiolab.com\/wp-content\/uploads\/2025\/10\/tortas-slp-1-1.png 1414w, https:\/\/latorteriaslp.misitiolab.com\/wp-content\/uploads\/2025\/10\/tortas-slp-1-1-212x300.png 212w, https:\/\/latorteriaslp.misitiolab.com\/wp-content\/uploads\/2025\/10\/tortas-slp-1-1-724x1024.png 724w, https:\/\/latorteriaslp.misitiolab.com\/wp-content\/uploads\/2025\/10\/tortas-slp-1-1-768x1086.png 768w, https:\/\/latorteriaslp.misitiolab.com\/wp-content\/uploads\/2025\/10\/tortas-slp-1-1-1086x1536.png 1086w\" sizes=\"(max-width: 1414px) 100vw, 1414px\" \/>\t\t\t\t\t\t\t\t\t\t\t\t\t\t\t<\/div>\n\t\t\t\t<\/div>\n\t\t\t\t<div class=\"elementor-element elementor-element-703d2c88 elementor-widget__width-inherit elementor-widget elementor-widget-image\" data-id=\"703d2c88\" data-element_type=\"widget\" data-widget_type=\"image.default\">\n\t\t\t\t<div class=\"elementor-widget-container\">\n\t\t\t\t\t\t\t\t\t\t\t\t\t\t\t<img decoding=\"async\" width=\"1414\" height=\"2000\" src=\"https:\/\/latorteriaslp.misitiolab.com\/wp-content\/uploads\/2025\/10\/5.png\" class=\"attachment-2048x2048 size-2048x2048 wp-image-122\" alt=\"\" srcset=\"https:\/\/latorteriaslp.misitiolab.com\/wp-content\/uploads\/2025\/10\/5.png 1414w, https:\/\/latorteriaslp.misitiolab.com\/wp-content\/uploads\/2025\/10\/5-212x300.png 212w, https:\/\/latorteriaslp.misitiolab.com\/wp-content\/uploads\/2025\/10\/5-724x1024.png 724w, https:\/\/latorteriaslp.misitiolab.com\/wp-content\/uploads\/2025\/10\/5-768x1086.png 768w, https:\/\/latorteriaslp.misitiolab.com\/wp-content\/uploads\/2025\/10\/5-1086x1536.png 1086w\" sizes=\"(max-width: 1414px) 100vw, 1414px\" \/>\t\t\t\t\t\t\t\t\t\t\t\t\t\t\t<\/div>\n\t\t\t\t<\/div>\n\t\t\t\t<\/div>\n\t\t\t\t<\/div>\n\t\t\t\t<section class=\"elementor-section elementor-top-section elementor-element elementor-element-6282db4d elementor-section-full_width elementor-section-height-default elementor-section-height-default\" data-id=\"6282db4d\" data-element_type=\"section\" data-settings=\"{&quot;background_background&quot;:&quot;classic&quot;}\">\n\t\t\t\t\t\t<div class=\"elementor-container elementor-column-gap-no\">\n\t\t\t\t\t<div class=\"elementor-column elementor-col-100 elementor-top-column elementor-element elementor-element-45dceb3c\" data-id=\"45dceb3c\" data-element_type=\"column\" data-settings=\"{&quot;background_background&quot;:&quot;classic&quot;}\">\n\t\t\t<div class=\"elementor-widget-wrap elementor-element-populated\">\n\t\t\t\t\t\t<div class=\"elementor-element elementor-element-26a6269 elementor-widget elementor-widget-google_maps\" data-id=\"26a6269\" data-element_type=\"widget\" data-widget_type=\"google_maps.default\">\n\t\t\t\t<div class=\"elementor-widget-container\">\n\t\t\t\t\t\t\t<div class=\"elementor-custom-embed\">\n\t\t\t<iframe loading=\"lazy\"\n\t\t\t\t\tsrc=\"https:\/\/maps.google.com\/maps?q=Papagayos%20124%20La%20hacienda%20%20San%20Luis%20Potos%C3%AD%2C%20S.L.P.%20C%C3%B3digo%20postal%2078137&#038;t=m&#038;z=12&#038;output=embed&#038;iwloc=near\"\n\t\t\t\t\ttitle=\"Papagayos 124 La hacienda  San Luis Potos\u00ed, S.L.P. C\u00f3digo postal 78137\"\n\t\t\t\t\taria-label=\"Papagayos 124 La hacienda  San Luis Potos\u00ed, S.L.P. C\u00f3digo postal 78137\"\n\t\t\t><\/iframe>\n\t\t<\/div>\n\t\t\t\t\t\t<\/div>\n\t\t\t\t<\/div>\n\t\t\t\t\t<\/div>\n\t\t<\/div>\n\t\t\t\t\t<\/div>\n\t\t<\/section>\n\t\t\t\t<section class=\"elementor-section elementor-top-section elementor-element elementor-element-18fb120d elementor-section-boxed elementor-section-height-default elementor-section-height-default\" data-id=\"18fb120d\" data-element_type=\"section\">\n\t\t\t\t\t\t<div class=\"elementor-container elementor-column-gap-extended\">\n\t\t\t\t\t<div class=\"elementor-column elementor-col-50 elementor-top-column elementor-element elementor-element-42d02674\" data-id=\"42d02674\" data-element_type=\"column\">\n\t\t\t<div class=\"elementor-widget-wrap elementor-element-populated\">\n\t\t\t\t\t\t<section class=\"elementor-section elementor-inner-section elementor-element elementor-element-336a034f elementor-section-content-middle elementor-section-boxed elementor-section-height-default elementor-section-height-default\" data-id=\"336a034f\" data-element_type=\"section\">\n\t\t\t\t\t\t<div class=\"elementor-container elementor-column-gap-default\">\n\t\t\t\t\t<div class=\"elementor-column elementor-col-50 elementor-inner-column elementor-element elementor-element-68d4dfd5\" data-id=\"68d4dfd5\" data-element_type=\"column\" data-settings=\"{&quot;background_background&quot;:&quot;classic&quot;}\">\n\t\t\t<div class=\"elementor-widget-wrap elementor-element-populated\">\n\t\t\t\t\t<div class=\"elementor-background-overlay\"><\/div>\n\t\t\t\t\t\t<div class=\"elementor-element elementor-element-369db1a3 elementor-view-default elementor-widget elementor-widget-icon\" data-id=\"369db1a3\" data-element_type=\"widget\" data-widget_type=\"icon.default\">\n\t\t\t\t<div class=\"elementor-widget-container\">\n\t\t\t\t\t\t\t<div class=\"elementor-icon-wrapper\">\n\t\t\t<div class=\"elementor-icon\">\n\t\t\t<svg aria-hidden=\"true\" class=\"e-font-icon-svg e-fas-map-marker-alt\" viewBox=\"0 0 384 512\" xmlns=\"http:\/\/www.w3.org\/2000\/svg\"><path d=\"M172.268 501.67C26.97 291.031 0 269.413 0 192 0 85.961 85.961 0 192 0s192 85.961 192 192c0 77.413-26.97 99.031-172.268 309.67-9.535 13.774-29.93 13.773-39.464 0zM192 272c44.183 0 80-35.817 80-80s-35.817-80-80-80-80 35.817-80 80 35.817 80 80 80z\"><\/path><\/svg>\t\t\t<\/div>\n\t\t<\/div>\n\t\t\t\t\t\t<\/div>\n\t\t\t\t<\/div>\n\t\t\t\t\t<\/div>\n\t\t<\/div>\n\t\t\t\t<div class=\"elementor-column elementor-col-50 elementor-inner-column elementor-element elementor-element-5a282dc0\" data-id=\"5a282dc0\" data-element_type=\"column\" data-settings=\"{&quot;background_background&quot;:&quot;classic&quot;}\">\n\t\t\t<div class=\"elementor-widget-wrap elementor-element-populated\">\n\t\t\t\t\t\t<div class=\"elementor-element elementor-element-40e45db1 elementor-widget elementor-widget-heading\" data-id=\"40e45db1\" data-element_type=\"widget\" data-widget_type=\"heading.default\">\n\t\t\t\t<div class=\"elementor-widget-container\">\n\t\t\t\t\t<h4 class=\"elementor-heading-title elementor-size-default\">SUCURSAL MATRIZ<\/h4>\t\t\t\t<\/div>\n\t\t\t\t<\/div>\n\t\t\t\t<div class=\"elementor-element elementor-element-5415ff91 elementor-widget elementor-widget-text-editor\" data-id=\"5415ff91\" data-element_type=\"widget\" data-widget_type=\"text-editor.default\">\n\t\t\t\t<div class=\"elementor-widget-container\">\n\t\t\t\t\t\t\t\t\t<p>Papagayos 124<br \/>La hacienda <br \/>San Luis Potos\u00ed, S.L.P.<br \/>C\u00f3digo postal 78137<\/p>\t\t\t\t\t\t\t\t<\/div>\n\t\t\t\t<\/div>\n\t\t\t\t<div class=\"elementor-element elementor-element-6cfe33ab elementor-widget-divider--view-line elementor-widget elementor-widget-divider\" data-id=\"6cfe33ab\" data-element_type=\"widget\" data-widget_type=\"divider.default\">\n\t\t\t\t<div class=\"elementor-widget-container\">\n\t\t\t\t\t\t\t<div class=\"elementor-divider\">\n\t\t\t<span class=\"elementor-divider-separator\">\n\t\t\t\t\t\t<\/span>\n\t\t<\/div>\n\t\t\t\t\t\t<\/div>\n\t\t\t\t<\/div>\n\t\t\t\t<div class=\"elementor-element elementor-element-4835b4af elementor-widget elementor-widget-heading\" data-id=\"4835b4af\" data-element_type=\"widget\" data-widget_type=\"heading.default\">\n\t\t\t\t<div class=\"elementor-widget-container\">\n\t\t\t\t\t<div class=\"elementor-heading-title elementor-size-default\"><a href=\"https:\/\/maps.google.com\/?q=22.176796,-101.017761\">Ir a la ubicaci\u00f3n&gt;<\/a><\/div>\t\t\t\t<\/div>\n\t\t\t\t<\/div>\n\t\t\t\t\t<\/div>\n\t\t<\/div>\n\t\t\t\t\t<\/div>\n\t\t<\/section>\n\t\t\t\t\t<\/div>\n\t\t<\/div>\n\t\t\t\t<div class=\"elementor-column elementor-col-50 elementor-top-column elementor-element elementor-element-4783f7fe\" data-id=\"4783f7fe\" data-element_type=\"column\">\n\t\t\t<div class=\"elementor-widget-wrap\">\n\t\t\t\t\t\t\t<\/div>\n\t\t<\/div>\n\t\t\t\t\t<\/div>\n\t\t<\/section>\n\t\t<div class=\"elementor-element elementor-element-50e39117 e-flex e-con-boxed e-con e-parent\" data-id=\"50e39117\" data-element_type=\"container\" data-settings=\"{&quot;background_background&quot;:&quot;classic&quot;}\">\n\t\t\t\t\t<div class=\"e-con-inner\">\n\t\t<div class=\"elementor-element elementor-element-68591f13 e-grid e-con-boxed e-con e-child\" data-id=\"68591f13\" data-element_type=\"container\">\n\t\t\t\t\t<div class=\"e-con-inner\">\n\t\t\t\t<div class=\"elementor-element elementor-element-e9db036 elementor-shape-rounded elementor-grid-0 e-grid-align-center elementor-widget elementor-widget-social-icons\" data-id=\"e9db036\" data-element_type=\"widget\" data-widget_type=\"social-icons.default\">\n\t\t\t\t<div class=\"elementor-widget-container\">\n\t\t\t\t\t\t\t<div class=\"elementor-social-icons-wrapper elementor-grid\">\n\t\t\t\t\t\t\t<span class=\"elementor-grid-item\">\n\t\t\t\t\t<a class=\"elementor-icon elementor-social-icon elementor-social-icon-facebook elementor-repeater-item-52e098f\" target=\"_blank\">\n\t\t\t\t\t\t<span class=\"elementor-screen-only\">Facebook<\/span>\n\t\t\t\t\t\t<svg class=\"e-font-icon-svg e-fab-facebook\" viewBox=\"0 0 512 512\" xmlns=\"http:\/\/www.w3.org\/2000\/svg\"><path d=\"M504 256C504 119 393 8 256 8S8 119 8 256c0 123.78 90.69 226.38 209.25 245V327.69h-63V256h63v-54.64c0-62.15 37-96.48 93.67-96.48 27.14 0 55.52 4.84 55.52 4.84v61h-31.28c-30.8 0-40.41 19.12-40.41 38.73V256h68.78l-11 71.69h-57.78V501C413.31 482.38 504 379.78 504 256z\"><\/path><\/svg>\t\t\t\t\t<\/a>\n\t\t\t\t<\/span>\n\t\t\t\t\t<\/div>\n\t\t\t\t\t\t<\/div>\n\t\t\t\t<\/div>\n\t\t\t\t<div class=\"elementor-element elementor-element-25b67398 elementor-widget elementor-widget-text-editor\" data-id=\"25b67398\" data-element_type=\"widget\" data-widget_type=\"text-editor.default\">\n\t\t\t\t<div class=\"elementor-widget-container\">\n\t\t\t\t\t\t\t\t\t<p>HORARIOS: Lunes a domingo de 11:00 a 19:00. horas<\/p>\t\t\t\t\t\t\t\t<\/div>\n\t\t\t\t<\/div>\n\t\t\t\t<div class=\"elementor-element elementor-element-2c5773c8 elementor-widget elementor-widget-image\" data-id=\"2c5773c8\" data-element_type=\"widget\" data-widget_type=\"image.default\">\n\t\t\t\t<div class=\"elementor-widget-container\">\n\t\t\t\t\t\t\t\t\t\t\t\t\t\t\t<img decoding=\"async\" width=\"500\" height=\"500\" src=\"https:\/\/latorteriaslp.misitiolab.com\/wp-content\/uploads\/2025\/05\/qr-pizza-magnati-56.png\" class=\"attachment-large size-large wp-image-107\" alt=\"\" srcset=\"https:\/\/latorteriaslp.misitiolab.com\/wp-content\/uploads\/2025\/05\/qr-pizza-magnati-56.png 500w, https:\/\/latorteriaslp.misitiolab.com\/wp-content\/uploads\/2025\/05\/qr-pizza-magnati-56-300x300.png 300w, https:\/\/latorteriaslp.misitiolab.com\/wp-content\/uploads\/2025\/05\/qr-pizza-magnati-56-150x150.png 150w\" sizes=\"(max-width: 500px) 100vw, 500px\" \/>\t\t\t\t\t\t\t\t\t\t\t\t\t\t\t<\/div>\n\t\t\t\t<\/div>\n\t\t\t\t\t<\/div>\n\t\t\t\t<\/div>\n\t\t\t\t\t<\/div>\n\t\t\t\t<\/div>\n\t\t\t\t<\/div>\n\t\t","protected":false},"excerpt":{"rendered":"<p>https:\/\/latorteriaslp.misitiolab.com\/wp-content\/uploads\/2025\/05\/Amarillo-y-Negro-Hacer-Pizza-Receta-Video-de-169-39.mp4 SUCURSAL MATRIZ Papagayos 124La hacienda San Luis Potos\u00ed, S.L.P.C\u00f3digo postal 78137 Ir a la ubicaci\u00f3n&gt; Facebook HORARIOS: Lunes a [&hellip;]<\/p>\n","protected":false},"author":1,"featured_media":10,"parent":0,"menu_order":0,"comment_status":"closed","ping_status":"closed","template":"elementor_canvas","meta":{"site-sidebar-layout":"no-sidebar","site-content-layout":"plain-container","ast-site-content-layout":"full-width-container","site-content-style":"default","site-sidebar-style":"default","ast-global-header-display":"","ast-banner-title-visibility":"","ast-main-header-display":"","ast-hfb-above-header-display":"","ast-hfb-below-header-display":"","ast-hfb-mobile-header-display":"","site-post-title":"disabled","ast-breadcrumbs-content":"","ast-featured-img":"disabled","footer-sml-layout":"","theme-transparent-header-meta":"enabled","adv-header-id-meta":"","stick-header-meta":"","header-above-stick-meta":"","header-main-stick-meta":"","header-below-stick-meta":"","astra-migrate-meta-layouts":"default","ast-page-background-enabled":"default","ast-page-background-meta":{"desktop":{"background-color":"var(--ast-global-color-5)","background-image":"","background-repeat":"repeat","background-position":"center center","background-size":"auto","background-attachment":"scroll","background-type":"","background-media":"","overlay-type":"","overlay-color":"","overlay-opacity":"","overlay-gradient":""},"tablet":{"background-color":"","background-image":"","background-repeat":"repeat","background-position":"center center","background-size":"auto","background-attachment":"scroll","background-type":"","background-media":"","overlay-type":"","overlay-color":"","overlay-opacity":"","overlay-gradient":""},"mobile":{"background-color":"","background-image":"","background-repeat":"repeat","background-position":"center center","background-size":"auto","background-attachment":"scroll","background-type":"","background-media":"","overlay-type":"","overlay-color":"","overlay-opacity":"","overlay-gradient":""}},"ast-content-background-meta":{"desktop":{"background-color":"var(--ast-global-color-4)","background-image":"","background-repeat":"repeat","background-position":"center center","background-size":"auto","background-attachment":"scroll","background-type":"","background-media":"","overlay-type":"","overlay-color":"","overlay-opacity":"","overlay-gradient":""},"tablet":{"background-color":"var(--ast-global-color-4)","background-image":"","background-repeat":"repeat","background-position":"center center","background-size":"auto","background-attachment":"scroll","background-type":"","background-media":"","overlay-type":"","overlay-color":"","overlay-opacity":"","overlay-gradient":""},"mobile":{"background-color":"var(--ast-global-color-4)","background-image":"","background-repeat":"repeat","background-position":"center center","background-size":"auto","background-attachment":"scroll","background-type":"","background-media":"","overlay-type":"","overlay-color":"","overlay-opacity":"","overlay-gradient":""}},"footnotes":""},"class_list":["post-8","page","type-page","status-publish","has-post-thumbnail","hentry"],"yoast_head":"<!-- This site is optimized with the Yoast SEO plugin v25.0 - https:\/\/yoast.com\/wordpress\/plugins\/seo\/ -->\n<title>Inicio - latorteriaslp<\/title>\n<meta name=\"robots\" content=\"index, follow, max-snippet:-1, max-image-preview:large, max-video-preview:-1\" \/>\n<link rel=\"canonical\" href=\"https:\/\/latorteriaslp.misitiolab.com\/\" \/>\n<meta property=\"og:locale\" content=\"es_MX\" \/>\n<meta property=\"og:type\" content=\"article\" \/>\n<meta property=\"og:title\" content=\"Inicio - latorteriaslp\" \/>\n<meta property=\"og:description\" content=\"https:\/\/latorteriaslp.misitiolab.com\/wp-content\/uploads\/2025\/05\/Amarillo-y-Negro-Hacer-Pizza-Receta-Video-de-169-39.mp4 SUCURSAL MATRIZ Papagayos 124La hacienda San Luis Potos\u00ed, S.L.P.C\u00f3digo postal 78137 Ir a la ubicaci\u00f3n&gt; Facebook HORARIOS: Lunes a [&hellip;]\" \/>\n<meta property=\"og:url\" content=\"https:\/\/latorteriaslp.misitiolab.com\/\" \/>\n<meta property=\"og:site_name\" content=\"latorteriaslp\" \/>\n<meta property=\"article:modified_time\" content=\"2025-10-13T16:42:02+00:00\" \/>\n<meta property=\"og:image\" content=\"https:\/\/latorteriaslp.misitiolab.com\/wp-content\/uploads\/2025\/05\/qr-pizza-magnati-53.png\" \/>\n\t<meta property=\"og:image:width\" content=\"500\" \/>\n\t<meta property=\"og:image:height\" content=\"500\" \/>\n\t<meta property=\"og:image:type\" content=\"image\/png\" \/>\n<meta name=\"twitter:card\" content=\"summary_large_image\" \/>\n<meta name=\"twitter:label1\" content=\"Tiempo de lectura\" \/>\n\t<meta name=\"twitter:data1\" content=\"1 minuto\" \/>\n<script type=\"application\/ld+json\" class=\"yoast-schema-graph\">{\"@context\":\"https:\/\/schema.org\",\"@graph\":[{\"@type\":\"WebPage\",\"@id\":\"https:\/\/latorteriaslp.misitiolab.com\/\",\"url\":\"https:\/\/latorteriaslp.misitiolab.com\/\",\"name\":\"Inicio - latorteriaslp\",\"isPartOf\":{\"@id\":\"https:\/\/latorteriaslp.misitiolab.com\/#website\"},\"primaryImageOfPage\":{\"@id\":\"https:\/\/latorteriaslp.misitiolab.com\/#primaryimage\"},\"image\":{\"@id\":\"https:\/\/latorteriaslp.misitiolab.com\/#primaryimage\"},\"thumbnailUrl\":\"https:\/\/latorteriaslp.misitiolab.com\/wp-content\/uploads\/2025\/05\/qr-pizza-magnati-53.png\",\"datePublished\":\"2025-05-12T18:19:19+00:00\",\"dateModified\":\"2025-10-13T16:42:02+00:00\",\"breadcrumb\":{\"@id\":\"https:\/\/latorteriaslp.misitiolab.com\/#breadcrumb\"},\"inLanguage\":\"es\",\"potentialAction\":[{\"@type\":\"ReadAction\",\"target\":[\"https:\/\/latorteriaslp.misitiolab.com\/\"]}]},{\"@type\":\"ImageObject\",\"inLanguage\":\"es\",\"@id\":\"https:\/\/latorteriaslp.misitiolab.com\/#primaryimage\",\"url\":\"https:\/\/latorteriaslp.misitiolab.com\/wp-content\/uploads\/2025\/05\/qr-pizza-magnati-53.png\",\"contentUrl\":\"https:\/\/latorteriaslp.misitiolab.com\/wp-content\/uploads\/2025\/05\/qr-pizza-magnati-53.png\",\"width\":500,\"height\":500},{\"@type\":\"BreadcrumbList\",\"@id\":\"https:\/\/latorteriaslp.misitiolab.com\/#breadcrumb\",\"itemListElement\":[{\"@type\":\"ListItem\",\"position\":1,\"name\":\"Inicio\",\"item\":\"https:\/\/latorteriaslp.misitiolab.com\/\"},{\"@type\":\"ListItem\",\"position\":2,\"name\":\"Inicio\"}]},{\"@type\":\"WebSite\",\"@id\":\"https:\/\/latorteriaslp.misitiolab.com\/#website\",\"url\":\"https:\/\/latorteriaslp.misitiolab.com\/\",\"name\":\"latorteriaslp\",\"description\":\"\",\"publisher\":{\"@id\":\"https:\/\/latorteriaslp.misitiolab.com\/#organization\"},\"potentialAction\":[{\"@type\":\"SearchAction\",\"target\":{\"@type\":\"EntryPoint\",\"urlTemplate\":\"https:\/\/latorteriaslp.misitiolab.com\/?s={search_term_string}\"},\"query-input\":{\"@type\":\"PropertyValueSpecification\",\"valueRequired\":true,\"valueName\":\"search_term_string\"}}],\"inLanguage\":\"es\"},{\"@type\":\"Organization\",\"@id\":\"https:\/\/latorteriaslp.misitiolab.com\/#organization\",\"name\":\"latorteriaslp\",\"url\":\"https:\/\/latorteriaslp.misitiolab.com\/\",\"logo\":{\"@type\":\"ImageObject\",\"inLanguage\":\"es\",\"@id\":\"https:\/\/latorteriaslp.misitiolab.com\/#\/schema\/logo\/image\/\",\"url\":\"https:\/\/latorteriaslp.misitiolab.com\/wp-content\/uploads\/2025\/05\/logo.png\",\"contentUrl\":\"https:\/\/latorteriaslp.misitiolab.com\/wp-content\/uploads\/2025\/05\/logo.png\",\"width\":156,\"height\":40,\"caption\":\"latorteriaslp\"},\"image\":{\"@id\":\"https:\/\/latorteriaslp.misitiolab.com\/#\/schema\/logo\/image\/\"}}]}<\/script>\n<!-- \/ Yoast SEO plugin. -->","yoast_head_json":{"title":"Inicio - latorteriaslp","robots":{"index":"index","follow":"follow","max-snippet":"max-snippet:-1","max-image-preview":"max-image-preview:large","max-video-preview":"max-video-preview:-1"},"canonical":"https:\/\/latorteriaslp.misitiolab.com\/","og_locale":"es_MX","og_type":"article","og_title":"Inicio - latorteriaslp","og_description":"https:\/\/latorteriaslp.misitiolab.com\/wp-content\/uploads\/2025\/05\/Amarillo-y-Negro-Hacer-Pizza-Receta-Video-de-169-39.mp4 SUCURSAL MATRIZ Papagayos 124La hacienda San Luis Potos\u00ed, S.L.P.C\u00f3digo postal 78137 Ir a la ubicaci\u00f3n&gt; Facebook HORARIOS: Lunes a [&hellip;]","og_url":"https:\/\/latorteriaslp.misitiolab.com\/","og_site_name":"latorteriaslp","article_modified_time":"2025-10-13T16:42:02+00:00","og_image":[{"width":500,"height":500,"url":"https:\/\/latorteriaslp.misitiolab.com\/wp-content\/uploads\/2025\/05\/qr-pizza-magnati-53.png","type":"image\/png"}],"twitter_card":"summary_large_image","twitter_misc":{"Tiempo de lectura":"1 minuto"},"schema":{"@context":"https:\/\/schema.org","@graph":[{"@type":"WebPage","@id":"https:\/\/latorteriaslp.misitiolab.com\/","url":"https:\/\/latorteriaslp.misitiolab.com\/","name":"Inicio - latorteriaslp","isPartOf":{"@id":"https:\/\/latorteriaslp.misitiolab.com\/#website"},"primaryImageOfPage":{"@id":"https:\/\/latorteriaslp.misitiolab.com\/#primaryimage"},"image":{"@id":"https:\/\/latorteriaslp.misitiolab.com\/#primaryimage"},"thumbnailUrl":"https:\/\/latorteriaslp.misitiolab.com\/wp-content\/uploads\/2025\/05\/qr-pizza-magnati-53.png","datePublished":"2025-05-12T18:19:19+00:00","dateModified":"2025-10-13T16:42:02+00:00","breadcrumb":{"@id":"https:\/\/latorteriaslp.misitiolab.com\/#breadcrumb"},"inLanguage":"es","potentialAction":[{"@type":"ReadAction","target":["https:\/\/latorteriaslp.misitiolab.com\/"]}]},{"@type":"ImageObject","inLanguage":"es","@id":"https:\/\/latorteriaslp.misitiolab.com\/#primaryimage","url":"https:\/\/latorteriaslp.misitiolab.com\/wp-content\/uploads\/2025\/05\/qr-pizza-magnati-53.png","contentUrl":"https:\/\/latorteriaslp.misitiolab.com\/wp-content\/uploads\/2025\/05\/qr-pizza-magnati-53.png","width":500,"height":500},{"@type":"BreadcrumbList","@id":"https:\/\/latorteriaslp.misitiolab.com\/#breadcrumb","itemListElement":[{"@type":"ListItem","position":1,"name":"Inicio","item":"https:\/\/latorteriaslp.misitiolab.com\/"},{"@type":"ListItem","position":2,"name":"Inicio"}]},{"@type":"WebSite","@id":"https:\/\/latorteriaslp.misitiolab.com\/#website","url":"https:\/\/latorteriaslp.misitiolab.com\/","name":"latorteriaslp","description":"","publisher":{"@id":"https:\/\/latorteriaslp.misitiolab.com\/#organization"},"potentialAction":[{"@type":"SearchAction","target":{"@type":"EntryPoint","urlTemplate":"https:\/\/latorteriaslp.misitiolab.com\/?s={search_term_string}"},"query-input":{"@type":"PropertyValueSpecification","valueRequired":true,"valueName":"search_term_string"}}],"inLanguage":"es"},{"@type":"Organization","@id":"https:\/\/latorteriaslp.misitiolab.com\/#organization","name":"latorteriaslp","url":"https:\/\/latorteriaslp.misitiolab.com\/","logo":{"@type":"ImageObject","inLanguage":"es","@id":"https:\/\/latorteriaslp.misitiolab.com\/#\/schema\/logo\/image\/","url":"https:\/\/latorteriaslp.misitiolab.com\/wp-content\/uploads\/2025\/05\/logo.png","contentUrl":"https:\/\/latorteriaslp.misitiolab.com\/wp-content\/uploads\/2025\/05\/logo.png","width":156,"height":40,"caption":"latorteriaslp"},"image":{"@id":"https:\/\/latorteriaslp.misitiolab.com\/#\/schema\/logo\/image\/"}}]}},"_links":{"self":[{"href":"https:\/\/latorteriaslp.misitiolab.com\/index.php\/wp-json\/wp\/v2\/pages\/8","targetHints":{"allow":["GET"]}}],"collection":[{"href":"https:\/\/latorteriaslp.misitiolab.com\/index.php\/wp-json\/wp\/v2\/pages"}],"about":[{"href":"https:\/\/latorteriaslp.misitiolab.com\/index.php\/wp-json\/wp\/v2\/types\/page"}],"author":[{"embeddable":true,"href":"https:\/\/latorteriaslp.misitiolab.com\/index.php\/wp-json\/wp\/v2\/users\/1"}],"replies":[{"embeddable":true,"href":"https:\/\/latorteriaslp.misitiolab.com\/index.php\/wp-json\/wp\/v2\/comments?post=8"}],"version-history":[{"count":74,"href":"https:\/\/latorteriaslp.misitiolab.com\/index.php\/wp-json\/wp\/v2\/pages\/8\/revisions"}],"predecessor-version":[{"id":129,"href":"https:\/\/latorteriaslp.misitiolab.com\/index.php\/wp-json\/wp\/v2\/pages\/8\/revisions\/129"}],"wp:featuredmedia":[{"embeddable":true,"href":"https:\/\/latorteriaslp.misitiolab.com\/index.php\/wp-json\/wp\/v2\/media\/10"}],"wp:attachment":[{"href":"https:\/\/latorteriaslp.misitiolab.com\/index.php\/wp-json\/wp\/v2\/media?parent=8"}],"curies":[{"name":"wp","href":"https:\/\/api.w.org\/{rel}","templated":true}]}}